{"id":290,"date":"2017-03-14T08:46:37","date_gmt":"2017-03-14T07:46:37","guid":{"rendered":"http:\/\/cargoframes.eu\/home\/"},"modified":"2024-10-06T12:45:31","modified_gmt":"2024-10-06T10:45:31","slug":"home","status":"publish","type":"page","link":"https:\/\/cargoframes.eu\/en\/","title":{"rendered":"Home"},"content":{"rendered":"\n\n\t\n\t<h1>\n\t\t\t\tCARGO FRAMES s.r.o.\n\t\t\t<\/h1>\n\t\t\t<p>CARGO FRAMES s.r.o.\u00a0is a company specializing in profiles and components for the subframes of truck bodies. All products are based on our own development and testing and are produced using our own equipment in cooperation with renowned manufacturers. We offer numerous variants of sophisticated profiles in unique dimensional variations and unlimited lengths up to 13,600 mm. All products are tested and certified according to valid EU legislation. We also work with our customers on their individual technical requirements, from development and testing through to production. We offer a wide range of stock combined with modern logistics facilities and flexible customer service.<\/p>\t\n\t\t\t\t\t<h2>0<\/h2>\t\t\t\t\n\t\t\tProfile variants\t\n\t\t\t\t\t<h2>0<\/h2>\t\t\t\t\n\t\t\tProfiles in stock\t\n\t\t\t\t\t<h2>0<\/h2>\t\t\t\t\n\t\t\tExport countries\t\n\t<h2>\n\t\t\t\tPRODUCTS &#8211; SIDE RAVE PROFILES\n\t\t\t<\/h2>\n\t\t\t\t\t\t\t\t\t\t\t\t\t\t<a href=\"https:\/\/cargoframes.eu\/en\/portfolio\/profil-u\/\" target=\"_self\" title=\"Profile U\" rel=\"noopener\">\n\t\t\t\t<img decoding=\"async\" src=\"https:\/\/cargoframes.eu\/assets\/uploads\/sites\/414\/2017\/03\/U140_27.png\" alt=\"\" \/>\n\t\t\t\t<\/a>\n\t\t\t\t\t\t<h3>\n\t\t\t\t<a href=\"https:\/\/cargoframes.eu\/en\/portfolio\/profil-u\/\" title=\"Profile U\">Profile U<\/a>\t\t\t<\/h3>\n\t\t\t\t\t\t\t\t\t\t\t\t\t\t<a href=\"https:\/\/cargoframes.eu\/en\/portfolio\/profil-f\/\" target=\"_self\" title=\"Profile F40\" rel=\"noopener\">\n\t\t\t\t<img decoding=\"async\" src=\"https:\/\/cargoframes.eu\/assets\/uploads\/sites\/414\/2017\/03\/F140_27.png\" alt=\"\" \/>\n\t\t\t\t<\/a>\n\t\t\t\t\t\t<h3>\n\t\t\t\t<a href=\"https:\/\/cargoframes.eu\/en\/portfolio\/profil-f\/\" title=\"Profile F40\">Profile F40<\/a>\t\t\t<\/h3>\n\t\t\t\t\t\t\t\t\t\t\t\t\t\t<a href=\"https:\/\/cargoframes.eu\/en\/portfolio\/profil-uz\/\" target=\"_self\" title=\"Profile UZ\" rel=\"noopener\">\n\t\t\t\t<img decoding=\"async\" src=\"https:\/\/cargoframes.eu\/assets\/uploads\/sites\/414\/2017\/03\/UZ160_27.png\" alt=\"\" \/>\n\t\t\t\t<\/a>\n\t\t\t\t\t\t<h3>\n\t\t\t\t<a href=\"https:\/\/cargoframes.eu\/en\/portfolio\/profil-uz\/\" title=\"Profile UZ\">Profile UZ<\/a>\t\t\t<\/h3>\n\t\t\t\t\t\t\t\t\t\t\t\t\t\t<a href=\"https:\/\/cargoframes.eu\/en\/portfolio\/profil-fv-2\/\" target=\"_self\" title=\"Profile FV\" rel=\"noopener\">\n\t\t\t\t<img decoding=\"async\" src=\"https:\/\/cargoframes.eu\/assets\/uploads\/sites\/414\/2017\/03\/FV3_160_27.png\" alt=\"\" \/>\n\t\t\t\t<\/a>\n\t\t\t\t\t\t<h3>\n\t\t\t\t<a href=\"https:\/\/cargoframes.eu\/en\/portfolio\/profil-fv-2\/\" title=\"Profile FV\">Profile FV<\/a>\t\t\t<\/h3>\n\t\t\t\t\t\t\t\t\t\t\t\t\t\t<a href=\"https:\/\/cargoframes.eu\/en\/portfolio\/profil-ud\/\" target=\"_self\" title=\"Profil FH\" rel=\"noopener\">\n\t\t\t\t<img decoding=\"async\" src=\"https:\/\/cargoframes.eu\/assets\/uploads\/sites\/414\/2017\/03\/fh140_27.jpg\" alt=\"\" \/>\n\t\t\t\t<\/a>\n\t\t\t\t\t\t<h3>\n\t\t\t\t<a href=\"https:\/\/cargoframes.eu\/en\/portfolio\/profil-ud\/\" title=\"Profil FH\">Profil FH<\/a>\t\t\t<\/h3>\n\t\t\t\t\t\t\t\t\t\t\t\t\t\t<a href=\"https:\/\/cargoframes.eu\/en\/portfolio\/profil-fv\/\" target=\"_self\" title=\"Special\" rel=\"noopener\">\n\t\t\t\t<img decoding=\"async\" src=\"https:\/\/cargoframes.eu\/assets\/uploads\/sites\/414\/2020\/05\/vi160.jpg\" alt=\"\" \/>\n\t\t\t\t<\/a>\n\t\t\t\t\t\t<h3>\n\t\t\t\t<a href=\"https:\/\/cargoframes.eu\/en\/portfolio\/profil-fv\/\" title=\"Special\">Special<\/a>\t\t\t<\/h3>\n\t<h2>\n\t\t\t\tPRODUCTS &#8211; CROSSBEAMS AND LONGITUDINALS\n\t\t\t<\/h2>\n\t\t\t\t\t\t\t\t\t\t\t\t\t\t<a href=\"https:\/\/cargoframes.eu\/en\/portfolio\/oko-kotvici-copy-4-copy\/\" target=\"_self\" title=\"Longitudinals\" rel=\"noopener\">\n\t\t\t\t<img decoding=\"async\" src=\"https:\/\/cargoframes.eu\/assets\/uploads\/sites\/414\/2024\/08\/ikopodelnikc.jpg\" alt=\"\" \/>\n\t\t\t\t<\/a>\n\t\t\t\t\t\t<h3>\n\t\t\t\t<a href=\"https:\/\/cargoframes.eu\/en\/portfolio\/oko-kotvici-copy-4-copy\/\" title=\"Longitudinals\">Longitudinals<\/a>\t\t\t<\/h3>\n\t\t\t\t\t\t\t\t\t\t\t\t\t\t<a href=\"https:\/\/cargoframes.eu\/en\/portfolio\/oko-kotvici-copy-4\/\" target=\"_self\" title=\"Crossbeams\" rel=\"noopener\">\n\t\t\t\t<img decoding=\"async\" src=\"https:\/\/cargoframes.eu\/assets\/uploads\/sites\/414\/2024\/08\/ikopricnikc.jpg\" alt=\"\" \/>\n\t\t\t\t<\/a>\n\t\t\t\t\t\t<h3>\n\t\t\t\t<a href=\"https:\/\/cargoframes.eu\/en\/portfolio\/oko-kotvici-copy-4\/\" title=\"Crossbeams\">Crossbeams<\/a>\t\t\t<\/h3>\n\t<h2>\n\t\t\t\tPRODUCTS &#8211; LASHING RINGS\n\t\t\t<\/h2>\n\t\t\t\t\t\t\t\t\t\t\t\t\t\t<a href=\"https:\/\/cargoframes.eu\/en\/portfolio\/lashing-rings\/\" target=\"_self\" title=\"Lashing rings\" rel=\"noopener\">\n\t\t\t\t<img decoding=\"async\" src=\"https:\/\/cargoframes.eu\/assets\/uploads\/sites\/414\/2017\/03\/kotvici_oko.png\" alt=\"\" \/>\n\t\t\t\t<\/a>\n\t\t\t\t\t\t<h3>\n\t\t\t\t<a href=\"https:\/\/cargoframes.eu\/en\/portfolio\/lashing-rings\/\" title=\"Lashing rings\">Lashing rings<\/a>\t\t\t<\/h3>\n\t\t\t\t\t\t\t\t\t\t\t\t\t\t<a href=\"https:\/\/cargoframes.eu\/en\/portfolio\/zatka\/\" target=\"_self\" title=\"Plastic Plug\" rel=\"noopener\">\n\t\t\t\t<img decoding=\"async\" src=\"https:\/\/cargoframes.eu\/assets\/uploads\/sites\/414\/2024\/08\/zatka.jpg\" alt=\"\" \/>\n\t\t\t\t<\/a>\n\t\t\t\t\t\t<h3>\n\t\t\t\t<a href=\"https:\/\/cargoframes.eu\/en\/portfolio\/zatka\/\" title=\"Plastic Plug\">Plastic Plug<\/a>\t\t\t<\/h3>\n\t\t\t\t\t\t\t\t\t\t\t\t\t\t<a href=\"https:\/\/cargoframes.eu\/en\/portfolio\/oko-kotvici-copy-2\/\" target=\"_self\" title=\"Oval lashing ring\" rel=\"noopener\">\n\t\t\t\t<img decoding=\"async\" src=\"https:\/\/cargoframes.eu\/assets\/uploads\/sites\/414\/2024\/08\/oko-oval.jpg\" alt=\"\" \/>\n\t\t\t\t<\/a>\n\t\t\t\t\t\t<h3>\n\t\t\t\t<a href=\"https:\/\/cargoframes.eu\/en\/portfolio\/oko-kotvici-copy-2\/\" title=\"Oval lashing ring\">Oval lashing ring<\/a>\t\t\t<\/h3>\n\t<h2>\n\t\t\t\tPRODUCTS &#8211; SCREWABLE STEEL SUBFRAMES\n\t\t\t<\/h2>\n\t\t\t\t\t\t\t\t\t\t\t\t\t\t<a href=\"https:\/\/cargoframes.eu\/en\/portfolio\/oko-kotvici-copy-3\/\" target=\"_self\" title=\"SRV75\" rel=\"noopener\">\n\t\t\t\t<img decoding=\"async\" src=\"https:\/\/cargoframes.eu\/assets\/uploads\/sites\/414\/2024\/08\/00-sestava-overovaci-4321-15.jpg\" alt=\"\" \/>\n\t\t\t\t<\/a>\n\t\t\t\t\t\t<h3>\n\t\t\t\t<a href=\"https:\/\/cargoframes.eu\/en\/portfolio\/oko-kotvici-copy-3\/\" title=\"SRV75\">SRV75<\/a>\t\t\t<\/h3>\n\t<h2>\n\t\t\t\tPRODUCTION\n\t\t\t<\/h2>\n\t<h2>\n\t\t\t\tRolled profiles\n\t\t\t<\/h2>\n\t\t\t<p>Profiles are made by rolling on roll-forming lines using our own equipment in cooperation with leading European manufacturers. Input material is high-strength steel at a minimum quality of S355MC. We offer a wide range of sophisticated profile shapes and several variations of punching, which significantly reduce manufacturing time and manufacturing costs of body subframes. We are very flexible in terms of size and length and can offer numerous individual customer solutions beyond our wide inventory.<\/p>\t\n\t<h2>\n\t\t\t\tForged lashing rings\n\t\t\t<\/h2>\n\t\t\t<p>Our lashing rings are entirely forged and subsequently heat treated. In combination with CNC machined threads, these eyes are characterized by excellent mechanical properties and 100% quality. We offer base surface treatment by cold galvanizing and advanced Geomet 321anti-corrosion treatment. <\/p>\t\n\t<h2>\n\t\t\t\tDEVELOPMENT &#8211; TESTING &#8211; CERTIFICATION\n\t\t\t<\/h2>\n\t\t\t\t<img decoding=\"async\" src=\"https:\/\/cargoframes.eu\/assets\/uploads\/sites\/414\/2017\/03\/01.jpg\" alt=\"01\" title=\"01\" \/>\n\t\t<h3>Development<\/h3>\t\t\t\n\t\t\t\t<p>In the development and optimization of all our products, we use advanced computational methods &#8211; FEM. We also work with our customers on their individual technical solutions, which we are able to implement from design and development through to production itself.<\/p>\n\t\t\t\t<img decoding=\"async\" src=\"https:\/\/cargoframes.eu\/assets\/uploads\/sites\/414\/2024\/08\/foto-test-oko.jpg\" alt=\"Foto Test oko\" title=\"Foto Test oko\" \/>\n\t\t<h3>Testing<\/h3>\t\t\t\n\t\t\t\t<p>Our own products are subjected to rigorous testing that ensures long-term trouble-free performance in actual operation.<\/p>\n\t\t\t\t<img decoding=\"async\" src=\"https:\/\/cargoframes.eu\/assets\/uploads\/sites\/414\/2017\/03\/tuv.jpg\" alt=\"tuv\" title=\"tuv\" \/>\n\t\t<h3>Certification<\/h3>\t\t\t\n\t\t\t\t<p>All profiles and lashing rings are certified according to DIN EN 12640.<\/p>\n\t<h2>\n\t\t\t\tCONTACTS\n\t\t\t<\/h2>\n\t\t\t<h3>CARGO FRAMES s.r.o.<\/h3>\t\t\t\n\t\t\t\t<p>Komer\u010dn\u00ed 524,<br \/>Nupaky 251 01 &#8211; Praha v\u00fdchod<\/p>\n<p>Czech Republic<\/p>\n<p>VAT Nr.: CZ01786555<\/p>\n\t\t\t\t<p>Ing. Zden\u011bk Lhot\u00e1k<br \/>Tel: +420 721 669 712<br \/>Email: z.lhotak@cargoframes.eu<\/p>\n<p><img decoding=\"async\" src=\"https:\/\/cargoframes.eu\/assets\/uploads\/sites\/414\/2017\/03\/flags.png\" \/><\/p>\n\t\t\t\t<p>Ing. Ale\u0161 Hoferek<br \/>Tel: +420 721 669 712<br \/>Email: a.hoferek@cargoframes.eu<\/p>\n<p><img decoding=\"async\" src=\"https:\/\/cargoframes.eu\/assets\/uploads\/sites\/414\/2024\/08\/flags.png\" \/><\/p>\n\t\t\t\t<img decoding=\"async\" src=\"https:\/\/cargoframes.eu\/assets\/uploads\/sites\/414\/2024\/08\/foto-sklad-profily-2-576x1024.jpg\" alt=\"Foto sklad profily 2\" title=\"Foto sklad profily 2\" \/>\n\t\t\t\t<img decoding=\"async\" src=\"https:\/\/cargoframes.eu\/assets\/uploads\/sites\/414\/2017\/03\/DJI_0082_upraveno-1.jpg\" alt=\"DJI_0082_upraveno\" title=\"DJI_0082_upraveno\" \/>\n\t\t\t\t<img decoding=\"async\" src=\"https:\/\/cargoframes.eu\/assets\/uploads\/sites\/414\/2024\/08\/foto-sklad-profily-1-169x300.jpg\" alt=\"Foto sklad profily 1\" title=\"Foto sklad profily 1\" \/>\n\t\t\t\t<img loading=\"lazy\" decoding=\"async\" src=\"https:\/\/cargoframes.eu\/assets\/uploads\/sites\/414\/2017\/03\/Logo_set-04.png\" alt=\"Logo_set-04\" height=\"45\" width=\"500\" title=\"Logo_set-04\" \/>\n\n","protected":false},"excerpt":{"rendered":"<p>CARGO FRAMES s.r.o. CARGO FRAMES s.r.o.\u00a0is a company specializing in profiles and components for the subframes of truck bodies. All products are based on our own development and testing and are produced using our own equipment in cooperation with renowned manufacturers. We offer numerous variants of sophisticated profiles in unique dimensional variations and unlimited lengths&hellip;<\/p>\n","protected":false},"author":1,"featured_media":0,"parent":0,"menu_order":0,"comment_status":"closed","ping_status":"closed","template":"","meta":{"footnotes":""},"class_list":["post-290","page","type-page","status-publish","hentry"],"yoast_head":"<title>Home - Cargo Frames<\/title>\n<meta name=\"robots\" content=\"index, follow, max-snippet:-1, max-image-preview:large, max-video-preview:-1\" \/>\n<link rel=\"canonical\" href=\"https:\/\/cargoframes.eu\/en\/\" \/>\n<meta property=\"og:locale\" content=\"en_US\" \/>\n<meta property=\"og:type\" content=\"article\" \/>\n<meta property=\"og:title\" content=\"Home - Cargo Frames\" \/>\n<meta property=\"og:description\" content=\"CARGO FRAMES s.r.o. CARGO FRAMES s.r.o.\u00a0is a company specializing in profiles and components for the subframes of truck bodies. All products are based on our own development and testing and are produced using our own equipment in cooperation with renowned manufacturers. We offer numerous variants of sophisticated profiles in unique dimensional variations and unlimited lengths&hellip;\" \/>\n<meta property=\"og:url\" content=\"https:\/\/cargoframes.eu\/en\/\" \/>\n<meta property=\"og:site_name\" content=\"Cargo Frames\" \/>\n<meta property=\"article:modified_time\" content=\"2024-10-06T10:45:31+00:00\" \/>\n<meta property=\"og:image\" content=\"https:\/\/cargoframes.eu\/assets\/uploads\/sites\/414\/2017\/03\/U140_27.png\" \/>\n<meta name=\"twitter:card\" content=\"summary_large_image\" \/>\n<meta name=\"twitter:label1\" content=\"Est. reading time\" \/>\n\t<meta name=\"twitter:data1\" content=\"2 minutes\" \/>\n<script type=\"application\/ld+json\" class=\"yoast-schema-graph\">{\"@context\":\"https:\/\/schema.org\",\"@graph\":[{\"@type\":\"WebPage\",\"@id\":\"https:\/\/cargoframes.eu\/en\/\",\"url\":\"https:\/\/cargoframes.eu\/en\/\",\"name\":\"Home - Cargo Frames\",\"isPartOf\":{\"@id\":\"https:\/\/cargoframes.eu\/en\/#website\"},\"datePublished\":\"2017-03-14T07:46:37+00:00\",\"dateModified\":\"2024-10-06T10:45:31+00:00\",\"breadcrumb\":{\"@id\":\"https:\/\/cargoframes.eu\/en\/#breadcrumb\"},\"inLanguage\":\"en-US\",\"potentialAction\":[{\"@type\":\"ReadAction\",\"target\":[\"https:\/\/cargoframes.eu\/en\/\"]}]},{\"@type\":\"BreadcrumbList\",\"@id\":\"https:\/\/cargoframes.eu\/en\/#breadcrumb\",\"itemListElement\":[{\"@type\":\"ListItem\",\"position\":1,\"name\":\"Dom\u016f\",\"item\":\"https:\/\/cargoframes.eu\/en\/\"},{\"@type\":\"ListItem\",\"position\":2,\"name\":\"Home\"}]},{\"@type\":\"WebSite\",\"@id\":\"https:\/\/cargoframes.eu\/en\/#website\",\"url\":\"https:\/\/cargoframes.eu\/en\/\",\"name\":\"Cargo Frames\",\"description\":\"CARGO FRAMES s.r.o. je spole\u010dnost specializovan\u00e1 na profily a komponenty pro pomocn\u00e9 r\u00e1my n\u00e1staveb n\u00e1kladn\u00edch automobil\u016f.\",\"potentialAction\":[{\"@type\":\"SearchAction\",\"target\":{\"@type\":\"EntryPoint\",\"urlTemplate\":\"https:\/\/cargoframes.eu\/en\/?s={search_term_string}\"},\"query-input\":\"required name=search_term_string\"}],\"inLanguage\":\"en-US\"}]}<\/script>","yoast_head_json":{"title":"Home - Cargo Frames","robots":{"index":"index","follow":"follow","max-snippet":"max-snippet:-1","max-image-preview":"max-image-preview:large","max-video-preview":"max-video-preview:-1"},"canonical":"https:\/\/cargoframes.eu\/en\/","og_locale":"en_US","og_type":"article","og_title":"Home - Cargo Frames","og_description":"CARGO FRAMES s.r.o. CARGO FRAMES s.r.o.\u00a0is a company specializing in profiles and components for the subframes of truck bodies. All products are based on our own development and testing and are produced using our own equipment in cooperation with renowned manufacturers. We offer numerous variants of sophisticated profiles in unique dimensional variations and unlimited lengths&hellip;","og_url":"https:\/\/cargoframes.eu\/en\/","og_site_name":"Cargo Frames","article_modified_time":"2024-10-06T10:45:31+00:00","og_image":[{"url":"https:\/\/cargoframes.eu\/assets\/uploads\/sites\/414\/2017\/03\/U140_27.png"}],"twitter_card":"summary_large_image","twitter_misc":{"Est. reading time":"2 minutes"},"schema":{"@context":"https:\/\/schema.org","@graph":[{"@type":"WebPage","@id":"https:\/\/cargoframes.eu\/en\/","url":"https:\/\/cargoframes.eu\/en\/","name":"Home - Cargo Frames","isPartOf":{"@id":"https:\/\/cargoframes.eu\/en\/#website"},"datePublished":"2017-03-14T07:46:37+00:00","dateModified":"2024-10-06T10:45:31+00:00","breadcrumb":{"@id":"https:\/\/cargoframes.eu\/en\/#breadcrumb"},"inLanguage":"en-US","potentialAction":[{"@type":"ReadAction","target":["https:\/\/cargoframes.eu\/en\/"]}]},{"@type":"BreadcrumbList","@id":"https:\/\/cargoframes.eu\/en\/#breadcrumb","itemListElement":[{"@type":"ListItem","position":1,"name":"Dom\u016f","item":"https:\/\/cargoframes.eu\/en\/"},{"@type":"ListItem","position":2,"name":"Home"}]},{"@type":"WebSite","@id":"https:\/\/cargoframes.eu\/en\/#website","url":"https:\/\/cargoframes.eu\/en\/","name":"Cargo Frames","description":"CARGO FRAMES s.r.o. je spole\u010dnost specializovan\u00e1 na profily a komponenty pro pomocn\u00e9 r\u00e1my n\u00e1staveb n\u00e1kladn\u00edch automobil\u016f.","potentialAction":[{"@type":"SearchAction","target":{"@type":"EntryPoint","urlTemplate":"https:\/\/cargoframes.eu\/en\/?s={search_term_string}"},"query-input":"required name=search_term_string"}],"inLanguage":"en-US"}]}},"_links":{"self":[{"href":"https:\/\/cargoframes.eu\/en\/wp-json\/wp\/v2\/pages\/290","targetHints":{"allow":["GET"]}}],"collection":[{"href":"https:\/\/cargoframes.eu\/en\/wp-json\/wp\/v2\/pages"}],"about":[{"href":"https:\/\/cargoframes.eu\/en\/wp-json\/wp\/v2\/types\/page"}],"author":[{"embeddable":true,"href":"https:\/\/cargoframes.eu\/en\/wp-json\/wp\/v2\/users\/1"}],"replies":[{"embeddable":true,"href":"https:\/\/cargoframes.eu\/en\/wp-json\/wp\/v2\/comments?post=290"}],"version-history":[{"count":24,"href":"https:\/\/cargoframes.eu\/en\/wp-json\/wp\/v2\/pages\/290\/revisions"}],"predecessor-version":[{"id":924,"href":"https:\/\/cargoframes.eu\/en\/wp-json\/wp\/v2\/pages\/290\/revisions\/924"}],"wp:attachment":[{"href":"https:\/\/cargoframes.eu\/en\/wp-json\/wp\/v2\/media?parent=290"}],"curies":[{"name":"wp","href":"https:\/\/api.w.org\/{rel}","templated":true}]}}