{"id":291,"date":"2017-03-14T08:46:37","date_gmt":"2017-03-14T07:46:37","guid":{"rendered":"http:\/\/cargoframes.eu\/home\/"},"modified":"2025-08-26T15:06:19","modified_gmt":"2025-08-26T13:06:19","slug":"zertifizierte-stahl-bodenrahmenprofile","status":"publish","type":"page","link":"https:\/\/cargoframes.eu\/de\/","title":{"rendered":"Home"},"content":{"rendered":"\n\n\t\n\t<h1>\n\t\t\t\tCARGO FRAMES GmbH\n\t\t\t<\/h1>\n\t\t\t<p>Das Unternehmen CARGO FRAMES s.r.o.\u00a0spezialisiert sich auf Bodenrahmenprofile und Komponenten f\u00fcr die Hilfsrahmen von LKW-Aufbauten. Alle Produkte sind das Ergebnis firmeneigener Entwicklung und\u00a0Pr\u00fcfungen und werden mit firmeneigenen Werkzeugen in Zusammenarbeit mit renommierten Herstellern gefertigt. Wir bieten viele Varianten ausgekl\u00fcgelter Profile in einzigartigen Ma\u00dfen und unbeschr\u00e4nkten L\u00e4ngen von bis zu 13.600 mm an. S\u00e4mtliche Erzeugnisse sind nach geltendem EU-Recht getestet und zertifiziert. Mit unseren Kunden arbeiten wir ebenfalls an ihren individuellen technischen Anforderungen zusammen &#8211; von der Entwicklung, \u00fcber die Testphase bis zur eigentlichen Fertigung. Wir bieten ein sehr breites Spektrum an Lagerbest\u00e4nden in Kombination mit modernem Logistik-Background und flexiblem Kundenservice an.<\/p>\t\n\t\t\t\t\t<h2>0<\/h2>\t\t\t\t\n\t\t\tBodenrahmenprofilevarianten\t\n\t\t\t\t\t<h2>0<\/h2>\t\t\t\t\n\t\t\tProfile auf Lager\t\n\t\t\t\t\t<h2>0<\/h2>\t\t\t\t\n\t\t\tExportl\u00e4nder\t\n\t<h2>\n\t\t\t\tPRODUKTE &#8211; BODENRAHMENPROFILEN\n\t\t\t<\/h2>\n\t\t\t\t\t\t\t\t\t\t\t\t\t\t<a href=\"https:\/\/cargoframes.eu\/de\/portfolio\/profil-u\/\" target=\"_self\" title=\"Profil U\">\n\t\t\t\t<img decoding=\"async\" src=\"https:\/\/cargoframes.eu\/assets\/uploads\/sites\/414\/2017\/03\/U140_27.png\" alt=\"\" \/>\n\t\t\t\t<\/a>\n\t\t\t\t\t\t<h3>\n\t\t\t\t<a href=\"https:\/\/cargoframes.eu\/de\/portfolio\/profil-u\/\" title=\"Profil U\">Profil U<\/a>\t\t\t<\/h3>\n\t\t\t\t\t\t\t\t\t\t\t\t\t\t<a href=\"https:\/\/cargoframes.eu\/de\/portfolio\/profil-f\/\" target=\"_self\" title=\"Profil F40\">\n\t\t\t\t<img decoding=\"async\" src=\"https:\/\/cargoframes.eu\/assets\/uploads\/sites\/414\/2017\/03\/F140_27.png\" alt=\"\" \/>\n\t\t\t\t<\/a>\n\t\t\t\t\t\t<h3>\n\t\t\t\t<a href=\"https:\/\/cargoframes.eu\/de\/portfolio\/profil-f\/\" title=\"Profil F40\">Profil F40<\/a>\t\t\t<\/h3>\n\t\t\t\t\t\t\t\t\t\t\t\t\t\t<a href=\"https:\/\/cargoframes.eu\/de\/portfolio\/profil-uz\/\" target=\"_self\" title=\"Profil UZ\">\n\t\t\t\t<img decoding=\"async\" src=\"https:\/\/cargoframes.eu\/assets\/uploads\/sites\/414\/2017\/03\/UZ160_27.png\" alt=\"\" \/>\n\t\t\t\t<\/a>\n\t\t\t\t\t\t<h3>\n\t\t\t\t<a href=\"https:\/\/cargoframes.eu\/de\/portfolio\/profil-uz\/\" title=\"Profil UZ\">Profil UZ<\/a>\t\t\t<\/h3>\n\t\t\t\t\t\t\t\t\t\t\t\t\t\t<a href=\"https:\/\/cargoframes.eu\/de\/portfolio\/profil-fv-2\/\" target=\"_self\" title=\"Profil FV\">\n\t\t\t\t<img decoding=\"async\" src=\"https:\/\/cargoframes.eu\/assets\/uploads\/sites\/414\/2017\/03\/FV3_160_27.png\" alt=\"\" \/>\n\t\t\t\t<\/a>\n\t\t\t\t\t\t<h3>\n\t\t\t\t<a href=\"https:\/\/cargoframes.eu\/de\/portfolio\/profil-fv-2\/\" title=\"Profil FV\">Profil FV<\/a>\t\t\t<\/h3>\n\t\t\t\t\t\t\t\t\t\t\t\t\t\t<a href=\"https:\/\/cargoframes.eu\/de\/portfolio\/profil-ud\/\" target=\"_self\" title=\"Profil FH\">\n\t\t\t\t<img decoding=\"async\" src=\"https:\/\/cargoframes.eu\/assets\/uploads\/sites\/414\/2017\/03\/fh140_27.jpg\" alt=\"\" \/>\n\t\t\t\t<\/a>\n\t\t\t\t\t\t<h3>\n\t\t\t\t<a href=\"https:\/\/cargoframes.eu\/de\/portfolio\/profil-ud\/\" title=\"Profil FH\">Profil FH<\/a>\t\t\t<\/h3>\n\t\t\t\t\t\t\t\t\t\t\t\t\t\t<a href=\"https:\/\/cargoframes.eu\/de\/portfolio\/profil-fv-2-2\/\" target=\"_self\" title=\"Sonder\">\n\t\t\t\t<img decoding=\"async\" src=\"https:\/\/cargoframes.eu\/assets\/uploads\/sites\/414\/2020\/05\/vi160.jpg\" alt=\"\" \/>\n\t\t\t\t<\/a>\n\t\t\t\t\t\t<h3>\n\t\t\t\t<a href=\"https:\/\/cargoframes.eu\/de\/portfolio\/profil-fv-2-2\/\" title=\"Sonder\">Sonder<\/a>\t\t\t<\/h3>\n\t<h2>\n\t\t\t\tPRODUKTE &#8211; QUERTR\u00c4GERN UND L\u00c4NGSTR\u00c4GERN\n\t\t\t<\/h2>\n\t\t\t\t\t\t\t\t\t\t\t\t\t\t<a href=\"https:\/\/cargoframes.eu\/de\/portfolio\/oko-kotvici-copy-4-copy\/\" target=\"_self\" title=\"L\u00e4ngstr\u00e4ger\">\n\t\t\t\t<img decoding=\"async\" src=\"https:\/\/cargoframes.eu\/assets\/uploads\/sites\/414\/2024\/08\/ikopodelnikc.jpg\" alt=\"\" \/>\n\t\t\t\t<\/a>\n\t\t\t\t\t\t<h3>\n\t\t\t\t<a href=\"https:\/\/cargoframes.eu\/de\/portfolio\/oko-kotvici-copy-4-copy\/\" title=\"L\u00e4ngstr\u00e4ger\">L\u00e4ngstr\u00e4ger<\/a>\t\t\t<\/h3>\n\t\t\t\t\t\t\t\t\t\t\t\t\t\t<a href=\"https:\/\/cargoframes.eu\/de\/portfolio\/oko-kotvici-copy-4\/\" target=\"_self\" title=\"Quertr\u00e4ger\">\n\t\t\t\t<img decoding=\"async\" src=\"https:\/\/cargoframes.eu\/assets\/uploads\/sites\/414\/2024\/08\/ikopricnikc.jpg\" alt=\"\" \/>\n\t\t\t\t<\/a>\n\t\t\t\t\t\t<h3>\n\t\t\t\t<a href=\"https:\/\/cargoframes.eu\/de\/portfolio\/oko-kotvici-copy-4\/\" title=\"Quertr\u00e4ger\">Quertr\u00e4ger<\/a>\t\t\t<\/h3>\n\t<h2>\n\t\t\t\tPRODUKTE &#8211; ZURRB\u00dcGELN\n\t\t\t<\/h2>\n\t\t\t\t\t\t\t\t\t\t\t\t\t\t<a href=\"https:\/\/cargoframes.eu\/de\/portfolio\/zurrbuegeln\/\" target=\"_self\" title=\"Zurrb\u00fcgeln\">\n\t\t\t\t<img decoding=\"async\" src=\"https:\/\/cargoframes.eu\/assets\/uploads\/sites\/414\/2017\/03\/kotvici_oko.png\" alt=\"\" \/>\n\t\t\t\t<\/a>\n\t\t\t\t\t\t<h3>\n\t\t\t\t<a href=\"https:\/\/cargoframes.eu\/de\/portfolio\/zurrbuegeln\/\" title=\"Zurrb\u00fcgeln\">Zurrb\u00fcgeln<\/a>\t\t\t<\/h3>\n\t\t\t\t\t\t\t\t\t\t\t\t\t\t<a href=\"https:\/\/cargoframes.eu\/de\/portfolio\/stecker\/\" target=\"_self\" title=\"Kunststoff Stopfen\">\n\t\t\t\t<img decoding=\"async\" src=\"https:\/\/cargoframes.eu\/assets\/uploads\/sites\/414\/2024\/08\/zatka.jpg\" alt=\"\" \/>\n\t\t\t\t<\/a>\n\t\t\t\t\t\t<h3>\n\t\t\t\t<a href=\"https:\/\/cargoframes.eu\/de\/portfolio\/stecker\/\" title=\"Kunststoff Stopfen\">Kunststoff Stopfen<\/a>\t\t\t<\/h3>\n\t\t\t\t\t\t\t\t\t\t\t\t\t\t<a href=\"https:\/\/cargoframes.eu\/de\/portfolio\/oko-kotvici-privarovaci\/\" target=\"_self\" title=\"Oval Zurrb\u00fcgel\">\n\t\t\t\t<img decoding=\"async\" src=\"https:\/\/cargoframes.eu\/assets\/uploads\/sites\/414\/2024\/08\/oko-oval.jpg\" alt=\"\" \/>\n\t\t\t\t<\/a>\n\t\t\t\t\t\t<h3>\n\t\t\t\t<a href=\"https:\/\/cargoframes.eu\/de\/portfolio\/oko-kotvici-privarovaci\/\" title=\"Oval Zurrb\u00fcgel\">Oval Zurrb\u00fcgel<\/a>\t\t\t<\/h3>\n\t<h2>\n\t\t\t\tPRODUKTE &#8211; STAHL GESCHRAUBTE UNTERBAUTEN\n\t\t\t<\/h2>\n\t\t\t\t\t\t\t\t\t\t\t\t\t\t<a href=\"https:\/\/cargoframes.eu\/de\/portfolio\/srv75\/\" target=\"_self\" title=\"SRV75\">\n\t\t\t\t<img decoding=\"async\" src=\"https:\/\/cargoframes.eu\/assets\/uploads\/sites\/414\/2024\/08\/00-sestava-overovaci-4321-15.jpg\" alt=\"\" \/>\n\t\t\t\t<\/a>\n\t\t\t\t\t\t<h3>\n\t\t\t\t<a href=\"https:\/\/cargoframes.eu\/de\/portfolio\/srv75\/\" title=\"SRV75\">SRV75<\/a>\t\t\t<\/h3>\n\t<h2>\n\t\t\t\tPRODUKTION\n\t\t\t<\/h2>\n\t<h2>\n\t\t\t\tGewalzte Profile\n\t\t\t<\/h2>\n\t\t\t<p>Die Bodenrahmenprofile werden im Walzverfahren in Profilierstra\u00dfen mit eigenen Werkzeugen in\u00a0Zusammenarbeit mit renommierten europ\u00e4ischen Herstellern gefertigt. Als Eingangswerkstoff gebrauchen wir hochfesten Stahl in einer Qualit\u00e4t von mindestens S355MC. Wir bieten eine breite Palette an ausgekl\u00fcgelten Profilgestalten und einige Lochungsvarianten an, welche in erheblichem Ma\u00dfe die Produktionszeit und die Kosten bei der Herstellung der Hilfsrahmen f\u00fcr Lkw-Aufbauten senken. Was Parameter und L\u00e4ngen angeht, sind wir flexibel. \u00dcber den Rahmen der umfangreichen Lagerbest\u00e4nde hinaus k\u00f6nnen wir eine Vielzahl an individuellen Kundenl\u00f6sungen anbieten.<\/p>\t\n\t<h2>\n\t\t\t\tGeschmiedete Zurrb\u00fcgeln\n\t\t\t<\/h2>\n\t\t\t<p>Zurrb\u00fcgeln werden ausschlie\u00dflich geschmiedet und anschlie\u00dfend warmveredelt. In Verbindung mit CNC-bearbeiteten Gewinden weisen diese Zurrb\u00fcgeln hervorragende mechanische Eigenschaften und 100% Qualit\u00e4t auf. Wir bieten elementare Oberfl\u00e4chenaufarbeitung durch galvanisches Verzinken und das extra-korrosionshemmende Verfahren Geomet 321 an.<\/p>\t\n\t<h2>\n\t\t\t\tENTWICKLUNG &#8211; TESTEN &#8211; ZERTIFITZIERUNG\n\t\t\t<\/h2>\n\t\t\t\t<img decoding=\"async\" src=\"https:\/\/cargoframes.eu\/assets\/uploads\/sites\/414\/2017\/03\/01.jpg\" alt=\"01\" title=\"01\" \/>\n\t\t<h3>Entwicklung<\/h3>\t\t\t\n\t\t\t\t<p>Bei der Entwicklung und Optimierung aller eigenen Produkte verwenden wir moderne rechnerische Methoden (FEM). Mit unseren Kunden arbeiten wir ebenfalls an ihren individuellen technischen L\u00f6sungen zusammen &#8211; wir sind imstande, sie vom Vorschlag, \u00fcber die Entwicklungsphase bis hin zur eigentlichen Fertigung zu realisieren.<\/p>\n\t\t\t\t<img decoding=\"async\" src=\"https:\/\/cargoframes.eu\/assets\/uploads\/sites\/414\/2024\/08\/foto-test-oko.jpg\" alt=\"Foto Test oko\" title=\"Foto Test oko\" \/>\n\t\t<h3>Testen<\/h3>\t\t\t\n\t\t\t\t<p>Unsere eigenen Erzeugnisse unterziehen wir anspruchsvollen Pr\u00fcfungen, welche ihr langfristiges problemloses Funktionieren in realem Betrieb gew\u00e4hrleisten.<\/p>\n\t\t\t\t<img decoding=\"async\" src=\"https:\/\/cargoframes.eu\/assets\/uploads\/sites\/414\/2017\/03\/tuv.jpg\" alt=\"tuv\" title=\"tuv\" \/>\n\t\t<h3>Zertifizierung<\/h3>\t\t\t\n\t\t\t\t<p>Bodenrahmenprofile und Zurrb\u00fcgeln verf\u00fcgen \u00fcber Zertifizierungen nach DIN EN 12 640.<\/p>\n\t<h2>\n\t\t\t\tKONTAKTE\n\t\t\t<\/h2>\n\t\t\t<h3>CARGO FRAMES s.r.o.<\/h3>\t\t\t\n\t\t\t\t<p>Komer\u010dn\u00ed 524,<br \/>Nupaky 251 01 &#8211; Praha v\u00fdchod<\/p>\n<p>Tschechische Republik<\/p>\n<p>MwSt. Nr.: CZ01786555<\/p>\n\t\t\t\t<p>Ing. Zden\u011bk Lhot\u00e1k<br \/>Tel: +420 721 669 712<br \/>Email: z.lhotak@cargoframes.eu<\/p>\n<p><img decoding=\"async\" src=\"https:\/\/cargoframes.eu\/assets\/uploads\/sites\/414\/2017\/03\/flags.png\" \/><\/p>\n\t\t\t\t<p>Ing. Ale\u0161 Hoferek<br \/>Tel: +420 721 669 712<br \/>Email: a.hoferek@cargoframes.eu<\/p>\n<p><img decoding=\"async\" src=\"https:\/\/cargoframes.eu\/assets\/uploads\/sites\/414\/2024\/08\/flags.png\" \/><\/p>\n\t\t\t\t<img decoding=\"async\" src=\"https:\/\/cargoframes.eu\/assets\/uploads\/sites\/414\/2024\/08\/foto-sklad-profily-2-576x1024.jpg\" alt=\"Foto sklad profily 2\" title=\"Foto sklad profily 2\" \/>\n\t\t\t\t<img decoding=\"async\" src=\"https:\/\/cargoframes.eu\/assets\/uploads\/sites\/414\/2017\/03\/DJI_0082_upraveno-1.jpg\" alt=\"DJI_0082_upraveno\" title=\"DJI_0082_upraveno\" \/>\n\t\t\t\t<img decoding=\"async\" src=\"https:\/\/cargoframes.eu\/assets\/uploads\/sites\/414\/2024\/08\/foto-sklad-profily-1-169x300.jpg\" alt=\"Foto sklad profily 1\" title=\"Foto sklad profily 1\" \/>\n\t\t\t\t<img decoding=\"async\" src=\"https:\/\/de.minisawmill.com\/assets\/uploads\/sites\/414\/\/2017\/03\/Logo_set-04.png\" alt=\"Logo_set-04\" title=\"Logo_set-04\" \/>\n\n","protected":false},"excerpt":{"rendered":"<p>CARGO FRAMES GmbH Das Unternehmen CARGO FRAMES s.r.o.\u00a0spezialisiert sich auf Bodenrahmenprofile und Komponenten f\u00fcr die Hilfsrahmen von LKW-Aufbauten. Alle Produkte sind das Ergebnis firmeneigener Entwicklung und\u00a0Pr\u00fcfungen und werden mit firmeneigenen Werkzeugen in Zusammenarbeit mit renommierten Herstellern gefertigt. Wir bieten viele Varianten ausgekl\u00fcgelter Profile in einzigartigen Ma\u00dfen und unbeschr\u00e4nkten L\u00e4ngen von bis zu 13.600 mm an.&hellip;<\/p>\n","protected":false},"author":1,"featured_media":0,"parent":0,"menu_order":0,"comment_status":"closed","ping_status":"closed","template":"","meta":{"footnotes":""},"class_list":["post-291","page","type-page","status-publish","hentry"],"yoast_head":"<title>Zertifizierte Bodenrahmenprofile und Zurrb\u00fcgeln - CARGO FRAMES<\/title>\n<meta name=\"description\" content=\"Zertifizierte Stahl Bodenrahmenprofile - Zertifizierte Zurrb\u00fcgeln - Gro\u00dfe Lagerbest\u00e4nde - Lager Lange bis 8400 mm - Produktion bis 14 000 mm\" \/>\n<meta name=\"robots\" content=\"index, follow, max-snippet:-1, max-image-preview:large, max-video-preview:-1\" \/>\n<link rel=\"canonical\" href=\"https:\/\/cargoframes.eu\/de\/\" \/>\n<meta property=\"og:locale\" content=\"de_DE\" \/>\n<meta property=\"og:type\" content=\"article\" \/>\n<meta property=\"og:title\" content=\"Zertifizierte Bodenrahmenprofile und Zurrb\u00fcgeln - CARGO FRAMES\" \/>\n<meta property=\"og:description\" content=\"Zertifizierte Stahl Bodenrahmenprofile - Zertifizierte Zurrb\u00fcgeln - Gro\u00dfe Lagerbest\u00e4nde - Lager Lange bis 8400 mm - Produktion bis 14 000 mm\" \/>\n<meta property=\"og:url\" content=\"https:\/\/cargoframes.eu\/de\/\" \/>\n<meta property=\"og:site_name\" content=\"Cargo Frames\" \/>\n<meta property=\"article:modified_time\" content=\"2025-08-26T13:06:19+00:00\" \/>\n<meta property=\"og:image\" content=\"https:\/\/cargoframes.eu\/assets\/uploads\/sites\/414\/2017\/03\/U140_27.png\" \/>\n<meta name=\"twitter:card\" content=\"summary_large_image\" \/>\n<meta name=\"twitter:label1\" content=\"Gesch\u00e4tzte Lesezeit\" \/>\n\t<meta name=\"twitter:data1\" content=\"2\u00a0Minuten\" \/>\n<script type=\"application\/ld+json\" class=\"yoast-schema-graph\">{\"@context\":\"https:\/\/schema.org\",\"@graph\":[{\"@type\":\"WebPage\",\"@id\":\"https:\/\/cargoframes.eu\/de\/\",\"url\":\"https:\/\/cargoframes.eu\/de\/\",\"name\":\"Zertifizierte Bodenrahmenprofile und Zurrb\u00fcgeln - CARGO FRAMES\",\"isPartOf\":{\"@id\":\"https:\/\/cargoframes.eu\/en\/#website\"},\"datePublished\":\"2017-03-14T07:46:37+00:00\",\"dateModified\":\"2025-08-26T13:06:19+00:00\",\"description\":\"Zertifizierte Stahl Bodenrahmenprofile - Zertifizierte Zurrb\u00fcgeln - Gro\u00dfe Lagerbest\u00e4nde - Lager Lange bis 8400 mm - Produktion bis 14 000 mm\",\"breadcrumb\":{\"@id\":\"https:\/\/cargoframes.eu\/de\/#breadcrumb\"},\"inLanguage\":\"de\",\"potentialAction\":[{\"@type\":\"ReadAction\",\"target\":[\"https:\/\/cargoframes.eu\/de\/\"]}]},{\"@type\":\"BreadcrumbList\",\"@id\":\"https:\/\/cargoframes.eu\/de\/#breadcrumb\",\"itemListElement\":[{\"@type\":\"ListItem\",\"position\":1,\"name\":\"Dom\u016f\",\"item\":\"https:\/\/cargoframes.eu\/de\/\"},{\"@type\":\"ListItem\",\"position\":2,\"name\":\"Home\"}]},{\"@type\":\"WebSite\",\"@id\":\"https:\/\/cargoframes.eu\/en\/#website\",\"url\":\"https:\/\/cargoframes.eu\/en\/\",\"name\":\"Cargo Frames\",\"description\":\"CARGO FRAMES s.r.o. je spole\u010dnost specializovan\u00e1 na profily a komponenty pro pomocn\u00e9 r\u00e1my n\u00e1staveb n\u00e1kladn\u00edch automobil\u016f.\",\"potentialAction\":[{\"@type\":\"SearchAction\",\"target\":{\"@type\":\"EntryPoint\",\"urlTemplate\":\"https:\/\/cargoframes.eu\/en\/?s={search_term_string}\"},\"query-input\":\"required name=search_term_string\"}],\"inLanguage\":\"de\"}]}<\/script>","yoast_head_json":{"title":"Zertifizierte Bodenrahmenprofile und Zurrb\u00fcgeln - CARGO FRAMES","description":"Zertifizierte Stahl Bodenrahmenprofile - Zertifizierte Zurrb\u00fcgeln - Gro\u00dfe Lagerbest\u00e4nde - Lager Lange bis 8400 mm - Produktion bis 14 000 mm","robots":{"index":"index","follow":"follow","max-snippet":"max-snippet:-1","max-image-preview":"max-image-preview:large","max-video-preview":"max-video-preview:-1"},"canonical":"https:\/\/cargoframes.eu\/de\/","og_locale":"de_DE","og_type":"article","og_title":"Zertifizierte Bodenrahmenprofile und Zurrb\u00fcgeln - CARGO FRAMES","og_description":"Zertifizierte Stahl Bodenrahmenprofile - Zertifizierte Zurrb\u00fcgeln - Gro\u00dfe Lagerbest\u00e4nde - Lager Lange bis 8400 mm - Produktion bis 14 000 mm","og_url":"https:\/\/cargoframes.eu\/de\/","og_site_name":"Cargo Frames","article_modified_time":"2025-08-26T13:06:19+00:00","og_image":[{"url":"https:\/\/cargoframes.eu\/assets\/uploads\/sites\/414\/2017\/03\/U140_27.png"}],"twitter_card":"summary_large_image","twitter_misc":{"Gesch\u00e4tzte Lesezeit":"2\u00a0Minuten"},"schema":{"@context":"https:\/\/schema.org","@graph":[{"@type":"WebPage","@id":"https:\/\/cargoframes.eu\/de\/","url":"https:\/\/cargoframes.eu\/de\/","name":"Zertifizierte Bodenrahmenprofile und Zurrb\u00fcgeln - CARGO FRAMES","isPartOf":{"@id":"https:\/\/cargoframes.eu\/en\/#website"},"datePublished":"2017-03-14T07:46:37+00:00","dateModified":"2025-08-26T13:06:19+00:00","description":"Zertifizierte Stahl Bodenrahmenprofile - Zertifizierte Zurrb\u00fcgeln - Gro\u00dfe Lagerbest\u00e4nde - Lager Lange bis 8400 mm - Produktion bis 14 000 mm","breadcrumb":{"@id":"https:\/\/cargoframes.eu\/de\/#breadcrumb"},"inLanguage":"de","potentialAction":[{"@type":"ReadAction","target":["https:\/\/cargoframes.eu\/de\/"]}]},{"@type":"BreadcrumbList","@id":"https:\/\/cargoframes.eu\/de\/#breadcrumb","itemListElement":[{"@type":"ListItem","position":1,"name":"Dom\u016f","item":"https:\/\/cargoframes.eu\/de\/"},{"@type":"ListItem","position":2,"name":"Home"}]},{"@type":"WebSite","@id":"https:\/\/cargoframes.eu\/en\/#website","url":"https:\/\/cargoframes.eu\/en\/","name":"Cargo Frames","description":"CARGO FRAMES s.r.o. je spole\u010dnost specializovan\u00e1 na profily a komponenty pro pomocn\u00e9 r\u00e1my n\u00e1staveb n\u00e1kladn\u00edch automobil\u016f.","potentialAction":[{"@type":"SearchAction","target":{"@type":"EntryPoint","urlTemplate":"https:\/\/cargoframes.eu\/en\/?s={search_term_string}"},"query-input":"required name=search_term_string"}],"inLanguage":"de"}]}},"_links":{"self":[{"href":"https:\/\/cargoframes.eu\/de\/wp-json\/wp\/v2\/pages\/291","targetHints":{"allow":["GET"]}}],"collection":[{"href":"https:\/\/cargoframes.eu\/de\/wp-json\/wp\/v2\/pages"}],"about":[{"href":"https:\/\/cargoframes.eu\/de\/wp-json\/wp\/v2\/types\/page"}],"author":[{"embeddable":true,"href":"https:\/\/cargoframes.eu\/de\/wp-json\/wp\/v2\/users\/1"}],"replies":[{"embeddable":true,"href":"https:\/\/cargoframes.eu\/de\/wp-json\/wp\/v2\/comments?post=291"}],"version-history":[{"count":26,"href":"https:\/\/cargoframes.eu\/de\/wp-json\/wp\/v2\/pages\/291\/revisions"}],"predecessor-version":[{"id":1002,"href":"https:\/\/cargoframes.eu\/de\/wp-json\/wp\/v2\/pages\/291\/revisions\/1002"}],"wp:attachment":[{"href":"https:\/\/cargoframes.eu\/de\/wp-json\/wp\/v2\/media?parent=291"}],"curies":[{"name":"wp","href":"https:\/\/api.w.org\/{rel}","templated":true}]}}